{"id":501,"date":"2025-10-10T12:23:23","date_gmt":"2025-10-10T10:23:23","guid":{"rendered":"https:\/\/toutpourlille.fr\/?page_id=501"},"modified":"2025-10-10T12:26:20","modified_gmt":"2025-10-10T10:26:20","slug":"mentions-legales","status":"publish","type":"page","link":"https:\/\/toutpourlille.fr\/?page_id=501","title":{"rendered":"Mentions l\u00e9gales"},"content":{"rendered":"\t\t<div data-elementor-type=\"wp-page\" data-elementor-id=\"501\" class=\"elementor elementor-501\">\n\t\t\t\t<div class=\"elementor-element elementor-element-3098312 e-flex e-con-boxed wpr-particle-no wpr-jarallax-no wpr-parallax-no wpr-sticky-section-no e-con e-parent\" data-id=\"3098312\" data-element_type=\"container\">\n\t\t\t\t\t<div class=\"e-con-inner\">\n\t\t\t\t<div class=\"elementor-element elementor-element-c22a3d4 elementor-widget elementor-widget-text-editor\" data-id=\"c22a3d4\" data-element_type=\"widget\" data-widget_type=\"text-editor.default\">\n\t\t\t\t\t\t\t\t\t<p>Mentions l\u00e9gales<\/p>\t\t\t\t\t\t\t\t<\/div>\n\t\t\t\t<div class=\"elementor-element elementor-element-fb7a1f9 elementor-widget elementor-widget-text-editor\" data-id=\"fb7a1f9\" data-element_type=\"widget\" data-widget_type=\"text-editor.default\">\n\t\t\t\t\t\t\t\t\t<div dir=\"auto\">Responsable de la publication : Arnaud Deslandes<\/div><div dir=\"auto\">\u00a0<\/div><div dir=\"auto\">H\u00e9bergement du site<\/div><div dir=\"auto\">OVH soci\u00e9t\u00e9 immatricul\u00e9e au RCS de Lille sous le num\u00e9ro 537 407 926 sise\u00a02, rue Kellermann, 59100 Roubaix.<\/div><div dir=\"auto\">\u00a0<\/div><div dir=\"auto\">Donn\u00e9es personnelles<\/div><div dir=\"auto\">Les informations recueillies via les formulaires sont destin\u00e9es exclusivement au groupe Tout pour Lille.<\/div><div dir=\"auto\">Conform\u00e9ment au RGPD, vous pouvez exercer vos droits d\u2019acc\u00e8s, de rectification et de suppression en \u00e9crivant \u00e0 : toutpourlille@gmail.com.<\/div>\t\t\t\t\t\t\t\t<\/div>\n\t\t\t\t\t<\/div>\n\t\t\t\t<\/div>\n\t\t\t\t<\/div>\n\t\t","protected":false},"excerpt":{"rendered":"<p>Mentions l\u00e9gales Responsable de la publication : Arnaud Deslandes\u00a0H\u00e9bergement du siteOVH soci\u00e9t\u00e9 immatricul\u00e9e au RCS de Lille sous le num\u00e9ro 537 407 926 sise\u00a02, rue Kellermann, 59100 Roubaix.\u00a0Donn\u00e9es personnellesLes informations recueillies via les formulaires sont destin\u00e9es exclusivement au groupe Tout pour Lille.Conform\u00e9ment au RGPD, vous pouvez exercer vos droits d\u2019acc\u00e8s, de rectification et de suppression en \u00e9crivant \u00e0 : toutpourlille@gmail.com.<\/p>\n","protected":false},"author":1,"featured_media":0,"parent":0,"menu_order":0,"comment_status":"closed","ping_status":"closed","template":"","meta":{"footnotes":""},"folder":[],"class_list":["post-501","page","type-page","status-publish","hentry"],"jetpack_sharing_enabled":true,"_links":{"self":[{"href":"https:\/\/toutpourlille.fr\/index.php?rest_route=\/wp\/v2\/pages\/501","targetHints":{"allow":["GET"]}}],"collection":[{"href":"https:\/\/toutpourlille.fr\/index.php?rest_route=\/wp\/v2\/pages"}],"about":[{"href":"https:\/\/toutpourlille.fr\/index.php?rest_route=\/wp\/v2\/types\/page"}],"author":[{"embeddable":true,"href":"https:\/\/toutpourlille.fr\/index.php?rest_route=\/wp\/v2\/users\/1"}],"replies":[{"embeddable":true,"href":"https:\/\/toutpourlille.fr\/index.php?rest_route=%2Fwp%2Fv2%2Fcomments&post=501"}],"version-history":[{"count":7,"href":"https:\/\/toutpourlille.fr\/index.php?rest_route=\/wp\/v2\/pages\/501\/revisions"}],"predecessor-version":[{"id":508,"href":"https:\/\/toutpourlille.fr\/index.php?rest_route=\/wp\/v2\/pages\/501\/revisions\/508"}],"wp:attachment":[{"href":"https:\/\/toutpourlille.fr\/index.php?rest_route=%2Fwp%2Fv2%2Fmedia&parent=501"}],"wp:term":[{"taxonomy":"folder","embeddable":true,"href":"https:\/\/toutpourlille.fr\/index.php?rest_route=%2Fwp%2Fv2%2Ffolder&post=501"}],"curies":[{"name":"wp","href":"https:\/\/api.w.org\/{rel}","templated":true}]}}