{"id":1419,"date":"2026-02-10T10:52:25","date_gmt":"2026-02-10T09:52:25","guid":{"rendered":"https:\/\/toutpourlille.fr\/?page_id=1419"},"modified":"2026-02-10T10:53:23","modified_gmt":"2026-02-10T09:53:23","slug":"procuration","status":"publish","type":"page","link":"https:\/\/toutpourlille.fr\/?page_id=1419","title":{"rendered":"Procuration"},"content":{"rendered":"\t\t<div data-elementor-type=\"wp-page\" data-elementor-id=\"1419\" class=\"elementor elementor-1419\">\n\t\t\t\t<div class=\"elementor-element elementor-element-5f2db9c e-flex e-con-boxed wpr-particle-no wpr-jarallax-no wpr-parallax-no wpr-sticky-section-no e-con e-parent\" data-id=\"5f2db9c\" data-element_type=\"container\">\n\t\t\t\t\t<div class=\"e-con-inner\">\n\t\t\t\t<div class=\"elementor-element elementor-element-efaab8a elementor-widget elementor-widget-text-editor\" data-id=\"efaab8a\" data-element_type=\"widget\" data-widget_type=\"text-editor.default\">\n\t\t\t\t\t\t\t\t\t<p>J&#8217;ai besoin d&#8217;une procuration<\/p>\t\t\t\t\t\t\t\t<\/div>\n\t\t\t\t<div class=\"elementor-element elementor-element-9a9ea4a elementor-widget elementor-widget-text-editor\" data-id=\"9a9ea4a\" data-element_type=\"widget\" data-widget_type=\"text-editor.default\">\n\t\t\t\t\t\t\t\t\t<p>Vous souhaitez \u00eatre contact\u00e9.e pour donner procuration \u00e0 un mandataire qui s\u2019engage \u00e0 voter pour Arnaud Deslandes en votre nom aux \u00e9lections municipales le 15 et 22 mars 2026 \u00e0 Lille.<br \/>Ce formulaire permet de vous mettre en relation avec un mandataire. Vous devrez r\u00e9aliser ensuite une procuration en remplissant le formulaire <a href=\"https:\/\/www.maprocuration.gouv.fr\/\">https:\/\/www.maprocuration.gouv.fr\/<\/a> et en vous d\u00e9pla\u00e7ant dans un commissariat pour la valider.<\/p>\t\t\t\t\t\t\t\t<\/div>\n\t\t\t\t<div class=\"elementor-element elementor-element-6afb67b elementor-widget elementor-widget-text-editor\" data-id=\"6afb67b\" data-element_type=\"widget\" data-widget_type=\"text-editor.default\">\n\t\t\t\t\t\t\t\t\t* Champs obligatoires\n\t\t\t\t\t\t\t\t<\/div>\n\t\t\t\t<div class=\"elementor-element elementor-element-5016f1a elementor-widget elementor-widget-shortcode\" data-id=\"5016f1a\" data-element_type=\"widget\" data-widget_type=\"shortcode.default\">\n\t\t\t\t\t\t\t<div class=\"elementor-shortcode\"><div class=\"forminator-ui forminator-custom-form forminator-custom-form-1418 forminator-design--basic  forminator_ajax\" data-forminator-render=\"0\" data-form=\"forminator-module-1418\" data-uid=\"69d8ffa3586a5\"><br\/><\/div><form\n\t\t\t\tid=\"forminator-module-1418\"\n\t\t\t\tclass=\"forminator-ui forminator-custom-form forminator-custom-form-1418 forminator-design--basic  forminator_ajax\"\n\t\t\t\tmethod=\"post\"\n\t\t\t\tdata-forminator-render=\"0\"\n\t\t\t\tdata-form-id=\"1418\"\n\t\t\t\t\n\t\t\t\tdata-design=\"basic\"\n\t\t\t\t\n\t\t\t\t\n\t\t\t\t\n\t\t\t\tdata-grid=\"open\"\n\t\t\t\t\n\t\t\t\t\n\t\t\t\tstyle=\"display: none;\"\n\t\t\t\t\n\t\t\t\tdata-uid=\"69d8ffa3586a5\"\n\t\t\t><div role=\"alert\" aria-live=\"polite\" class=\"forminator-response-message forminator-error\" aria-hidden=\"true\"><\/div><div class=\"forminator-row\"><div id=\"name-2\" class=\"forminator-field-name forminator-col forminator-col-6 \"><div class=\"forminator-field\"><label for=\"forminator-field-name-2_69d8ffa3586a5\" id=\"forminator-field-name-2_69d8ffa3586a5-label\" class=\"forminator-label\">Pr\u00e9nom <span class=\"forminator-required\">*<\/span><\/label><input type=\"text\" name=\"name-2\" value=\"\" placeholder=\"\" id=\"forminator-field-name-2_69d8ffa3586a5\" class=\"forminator-input forminator-name--field\" aria-required=\"true\" \/><\/div><\/div><div id=\"name-1\" class=\"forminator-field-name forminator-col forminator-col-6 \"><div class=\"forminator-field\"><label for=\"forminator-field-name-1_69d8ffa3586a5\" id=\"forminator-field-name-1_69d8ffa3586a5-label\" class=\"forminator-label\">Nom <span class=\"forminator-required\">*<\/span><\/label><input type=\"text\" name=\"name-1\" value=\"\" placeholder=\"\" id=\"forminator-field-name-1_69d8ffa3586a5\" class=\"forminator-input forminator-name--field\" aria-required=\"true\" \/><\/div><\/div><\/div><div class=\"forminator-row\"><div id=\"text-1\" class=\"forminator-field-text forminator-col forminator-col-12 \"><div class=\"forminator-field\"><label for=\"forminator-field-text-1_69d8ffa3586a5\" id=\"forminator-field-text-1_69d8ffa3586a5-label\" class=\"forminator-label\">Adresse postale <span class=\"forminator-required\">*<\/span><\/label><input type=\"text\" name=\"text-1\" value=\"\" placeholder=\"\" id=\"forminator-field-text-1_69d8ffa3586a5\" class=\"forminator-input forminator-name--field\" data-required=\"1\" \/><\/div><\/div><\/div><div class=\"forminator-row\"><div id=\"text-2\" class=\"forminator-field-text forminator-col forminator-col-12 \"><div class=\"forminator-field\"><label for=\"forminator-field-text-2_69d8ffa3586a5\" id=\"forminator-field-text-2_69d8ffa3586a5-label\" class=\"forminator-label\">Num\u00e9ro de votre bureau de vote <span class=\"forminator-required\">*<\/span><\/label><input type=\"text\" name=\"text-2\" value=\"\" placeholder=\"\" id=\"forminator-field-text-2_69d8ffa3586a5\" class=\"forminator-input forminator-name--field\" data-required=\"1\" \/><\/div><\/div><\/div><div class=\"forminator-row\"><div id=\"text-3\" class=\"forminator-field-text forminator-col forminator-col-12 \"><div class=\"forminator-field\"><label for=\"forminator-field-text-3_69d8ffa3586a5\" id=\"forminator-field-text-3_69d8ffa3586a5-label\" class=\"forminator-label\">Num\u00e9ro de t\u00e9l\u00e9phone ou adresse mail pour vous contacter <span class=\"forminator-required\">*<\/span><\/label><input type=\"text\" name=\"text-3\" value=\"\" placeholder=\"\" id=\"forminator-field-text-3_69d8ffa3586a5\" class=\"forminator-input forminator-name--field\" data-required=\"1\" \/><\/div><\/div><\/div><input type=\"hidden\" name=\"referer_url\" value=\"\" \/><div class=\"forminator-row forminator-row-last\"><div class=\"forminator-col\"><div class=\"forminator-field\"><button class=\"forminator-button forminator-button-submit\">Envoyer<\/button><\/div><\/div><\/div><input type=\"hidden\" id=\"forminator_nonce\" name=\"forminator_nonce\" value=\"753b51e781\" \/><input type=\"hidden\" name=\"_wp_http_referer\" value=\"\/index.php?rest_route=%2Fwp%2Fv2%2Fpages%2F1419\" \/><input type=\"hidden\" name=\"form_id\" value=\"1418\"><input type=\"hidden\" name=\"page_id\" value=\"1419\"><input type=\"hidden\" name=\"form_type\" value=\"default\"><input type=\"hidden\" name=\"current_url\" value=\"https:\/\/toutpourlille.fr\/?page_id=1419\"><input type=\"hidden\" name=\"render_id\" value=\"0\"><input type=\"hidden\" name=\"action\" value=\"forminator_submit_form_custom-forms\"><\/form><\/div>\n\t\t\t\t\t\t<\/div>\n\t\t\t\t\t<\/div>\n\t\t\t\t<\/div>\n\t\t\t\t<\/div>\n\t\t","protected":false},"excerpt":{"rendered":"<p>J&#8217;ai besoin d&#8217;une procuration Vous souhaitez \u00eatre contact\u00e9.e pour donner procuration \u00e0 un mandataire qui s\u2019engage \u00e0 voter pour Arnaud Deslandes en votre nom aux \u00e9lections municipales le 15 et 22 mars 2026 \u00e0 Lille.Ce formulaire permet de vous mettre en relation avec un mandataire. Vous devrez r\u00e9aliser ensuite une procuration en remplissant le formulaire https:\/\/www.maprocuration.gouv.fr\/ et en vous d\u00e9pla\u00e7ant dans un commissariat pour la valider. * Champs obligatoires<\/p>\n","protected":false},"author":1,"featured_media":0,"parent":0,"menu_order":0,"comment_status":"closed","ping_status":"closed","template":"","meta":{"footnotes":""},"folder":[],"class_list":["post-1419","page","type-page","status-publish","hentry"],"jetpack_sharing_enabled":true,"_links":{"self":[{"href":"https:\/\/toutpourlille.fr\/index.php?rest_route=\/wp\/v2\/pages\/1419","targetHints":{"allow":["GET"]}}],"collection":[{"href":"https:\/\/toutpourlille.fr\/index.php?rest_route=\/wp\/v2\/pages"}],"about":[{"href":"https:\/\/toutpourlille.fr\/index.php?rest_route=\/wp\/v2\/types\/page"}],"author":[{"embeddable":true,"href":"https:\/\/toutpourlille.fr\/index.php?rest_route=\/wp\/v2\/users\/1"}],"replies":[{"embeddable":true,"href":"https:\/\/toutpourlille.fr\/index.php?rest_route=%2Fwp%2Fv2%2Fcomments&post=1419"}],"version-history":[{"count":4,"href":"https:\/\/toutpourlille.fr\/index.php?rest_route=\/wp\/v2\/pages\/1419\/revisions"}],"predecessor-version":[{"id":1423,"href":"https:\/\/toutpourlille.fr\/index.php?rest_route=\/wp\/v2\/pages\/1419\/revisions\/1423"}],"wp:attachment":[{"href":"https:\/\/toutpourlille.fr\/index.php?rest_route=%2Fwp%2Fv2%2Fmedia&parent=1419"}],"wp:term":[{"taxonomy":"folder","embeddable":true,"href":"https:\/\/toutpourlille.fr\/index.php?rest_route=%2Fwp%2Fv2%2Ffolder&post=1419"}],"curies":[{"name":"wp","href":"https:\/\/api.w.org\/{rel}","templated":true}]}}